{"id":11,"date":"2017-01-05T11:30:19","date_gmt":"2017-01-05T10:30:19","guid":{"rendered":"http:\/\/www.vereinsartikel.at\/wp\/?page_id=11"},"modified":"2017-01-08T14:54:36","modified_gmt":"2017-01-08T13:54:36","slug":"textildruck","status":"publish","type":"page","link":"https:\/\/www.vereinsartikel.at\/wp\/textildruck\/","title":{"rendered":"Textildruck"},"content":{"rendered":"<h2>Welches Druckverfahren f\u00fcr was?<\/h2>\n<p><strong>Flex- und Flockdruck<\/strong><\/p>\n<p>Flex- und Flockdruck sind moderne und sehr edle Druckarten. Sie zeichnen sich durch Ihre extreme Langlebigkeit und hohe Waschbest\u00e4ndigkeit aus. Vorbei ist die Zeit minderwertiger und in der Folge nach einigen Waschvorg\u00e4ngen meist br\u00fcchiger Folien wie sie jahrelang in diversen Copy-Shops, Geschenkel\u00e4den, etc. angeboten wurden.<br \/>\nFlexfolien der neuen Generation sind extrem dehn- und haltbar sowie vielseitig verwendbar. Nicht nur Baumwoll- und Mischtextilien lassen sich damit veredeln, auch Nylongewebe und \u00e4hnliches lassen sich damit perfekt bedrucken. somit k\u00f6nnen u.a. auch Windjacken oder Taschen bedruckt werden. Das Farbspektrum reicht von matt gl\u00e4nzend \u00fcber neonfarben und metallic bis hin zu reflektierenden Effekten.<\/p>\n<p>Der Flockdruck f\u00fchlt sich samtig an, ist im Gegensatz zur Flexfolie leicht erh\u00f6ht und wird gerne f\u00fcr Aufdrucke an Sporbekleidung verwendet. Aber auch im Freizeitbereich ist Flockdruck sehr beliebt. Besonderer Vorteil: Es sind bei diesen Druckarten auch Einzelproduktionen m\u00f6glich!<\/p>\n<p>Motive aus Flex- und Flock werden mit einem sogenannten Plotter hergestellt. Dazu muss das Motiv in eine Vektorgrafik gewandelt werden. Grunds\u00e4tzlich sind Flex- und Flockdruck im Einfarbbereich dominierend. Man kann aber durchaus auch Farbkombination bis zu drei oder vier Farben anwenden. Dazu muss aber jeder Farbbereich ein in sich geschlossenes Motiv ergeben. Farbverl\u00e4uft sind im Flex- und Flockdruck nicht darstellbar.<br \/>\nDie fertig geschnittenen Motive werden mittels Transferpresse auf das Textil angebracht. Dabei gibt es Folien mt einer Waschbarkeit bis 80 Grad, also ist dieses Verfahren auch durchaus f\u00fcr beanspruchte Arbeitskleidung verwendbar.<\/p>\n<p><strong>Siebdruck<\/strong><\/p>\n<p>Der Siebdruck ist ein sehr hochwertiges Druckverfahren das ein bis mehrf\u00e4rbige Motive detailgetreu auch mit Farbverl\u00e4ufen (so genanntem Rasterdruck) wiedergibt. Ein Siebdruck besticht durch seine hervorragende Haltbarkeit und einem nahezu unbegrenzten Farbenspektrum.<\/p>\n<p>Beim Siebdruck muss vorab ein Druckfilm erstellt werden. Die Druckfarbe selbst direkt durch ein Sieb auf den Stoff gedruckt. Dabei verbindet sich die Druckfarbe direkt mit dem Gewebe wobei die Haltbarkeit meist durch eine Endbehandlung in einem Hitzetunnel erh\u00f6ht wird.<\/p>\n<p>Siebdruck rechnet sich ab einer Produktionsmenge von ca. 50 Stk. Ab dieser Menge aufw\u00e4rts ist Siebdruck die beste und kosteng\u00fcnstigste L\u00f6sung wenn es um Druckveredelung bei Textilien geht.<\/p>\n<p><strong>Siebtransferdruck<\/strong><\/p>\n<p>Im Unterschied zum Siebdruck wird hier das Motiv nicht direkt auf das T-Shirt gedruckt, sondern zun\u00e4chst auf eine Transferfolie, die dann unter Druck und Hitze auf das Shirt gepresst wird. Der Vorteil bei dieser Methode liegt darin, dass man vorab Druckschablonen in Menge (ab 50 Stk.)\u00a0 machen kann, wodurch sich ein g\u00fcnstigerer Druckpreis ergibt, nicht aber auch sofort die Gesamtanzahl an Textilien anschaffen muss. Auf das Textil wird vorab nur gepresst was man sofort braucht. Somit ist man vor allem bei Nachbestellungen sehr flexibel da auch Einzelst\u00fccke\/ Einzelgr\u00f6\u00dfen m\u00f6glich sind! Ein gro\u00dfer Vorteil vor allen f\u00fcr Vereine und Firmen mit wechselnden\/neuen Mitgliedern bzw. Personal.<\/p>\n<p><strong>Sublimationsdruck<\/strong><\/p>\n<p>Bei diesem Druckverfahren wird eine Spezialtinte mittels Sublimationsfolie und Transferpresse auf einen Drucktr\u00e4ger (Textilien, Tassen, Mousepads, etc.) angebracht. Vorteile dieses innovativen Drucksystems sind vor allem, dass sich unterschiedliche Materialien in echter Fotoqualit\u00e4t bedrucken lassen. Nach dem \u00dcbertrag auf das zu bedruckende Material sp\u00fcrt man beim Sublimationsdruck keinen Farbauftrag da die Tinte vollst\u00e4ndig in das Material eindampft. Es ist als ob der Druck nie stattgefunden h\u00e4tte.<br \/>\n<strong>Sie haben Interesse an Textilien mit Druckveredelung? <\/strong><br \/>\n<strong> Bitte verwenden Sie unser <a href=\"https:\/\/www.vereinsartikel.at\/addons\/vereinsartikel\/contactform.php\" target=\"_blank\">Anfrageformular<\/a> und wir stellen ihnen so rasch als m\u00f6glich ein unverbindliches Angebot.<\/strong><\/p>\n","protected":false},"excerpt":{"rendered":"<p>Welches Druckverfahren f\u00fcr was? Flex- und Flockdruck Flex- und Flockdruck sind moderne und sehr edle Druckarten. Sie zeichnen sich durch Ihre extreme Langlebigkeit und hohe Waschbest\u00e4ndigkeit aus. Vorbei ist die Zeit minderwertiger und in der Folge nach einigen Waschvorg\u00e4ngen meist br\u00fcchiger Folien wie sie jahrelang in diversen Copy-Shops, Geschenkel\u00e4den, etc. angeboten wurden. Flexfolien der neuen [&hellip;]<\/p>\n","protected":false},"author":1,"featured_media":0,"parent":0,"menu_order":0,"comment_status":"closed","ping_status":"closed","template":"","meta":{"footnotes":""},"acf":[],"yoast_head":"<!-- This site is optimized with the Yoast SEO plugin v19.14 - https:\/\/yoast.com\/wordpress\/plugins\/seo\/ -->\n<title>Textildruck - Vereinsartikel<\/title>\n<meta name=\"robots\" content=\"index, follow, max-snippet:-1, max-image-preview:large, max-video-preview:-1\" \/>\n<link rel=\"canonical\" href=\"https:\/\/www.vereinsartikel.at\/wp\/textildruck\/\" \/>\n<meta property=\"og:locale\" content=\"de_DE\" \/>\n<meta property=\"og:type\" content=\"article\" \/>\n<meta property=\"og:title\" content=\"Textildruck - Vereinsartikel\" \/>\n<meta property=\"og:description\" content=\"Welches Druckverfahren f\u00fcr was? Flex- und Flockdruck Flex- und Flockdruck sind moderne und sehr edle Druckarten. Sie zeichnen sich durch Ihre extreme Langlebigkeit und hohe Waschbest\u00e4ndigkeit aus. Vorbei ist die Zeit minderwertiger und in der Folge nach einigen Waschvorg\u00e4ngen meist br\u00fcchiger Folien wie sie jahrelang in diversen Copy-Shops, Geschenkel\u00e4den, etc. angeboten wurden. Flexfolien der neuen [&hellip;]\" \/>\n<meta property=\"og:url\" content=\"https:\/\/www.vereinsartikel.at\/wp\/textildruck\/\" \/>\n<meta property=\"og:site_name\" content=\"Vereinsartikel\" \/>\n<meta property=\"article:modified_time\" content=\"2017-01-08T13:54:36+00:00\" \/>\n<meta name=\"twitter:card\" content=\"summary_large_image\" \/>\n<meta name=\"twitter:label1\" content=\"Gesch\u00e4tzte Lesezeit\" \/>\n\t<meta name=\"twitter:data1\" content=\"3\u00a0Minuten\" \/>\n<script type=\"application\/ld+json\" class=\"yoast-schema-graph\">{\"@context\":\"https:\/\/schema.org\",\"@graph\":[{\"@type\":\"WebPage\",\"@id\":\"https:\/\/www.vereinsartikel.at\/wp\/textildruck\/\",\"url\":\"https:\/\/www.vereinsartikel.at\/wp\/textildruck\/\",\"name\":\"Textildruck - Vereinsartikel\",\"isPartOf\":{\"@id\":\"https:\/\/www.vereinsartikel.at\/wp\/#website\"},\"datePublished\":\"2017-01-05T10:30:19+00:00\",\"dateModified\":\"2017-01-08T13:54:36+00:00\",\"breadcrumb\":{\"@id\":\"https:\/\/www.vereinsartikel.at\/wp\/textildruck\/#breadcrumb\"},\"inLanguage\":\"de\",\"potentialAction\":[{\"@type\":\"ReadAction\",\"target\":[\"https:\/\/www.vereinsartikel.at\/wp\/textildruck\/\"]}]},{\"@type\":\"BreadcrumbList\",\"@id\":\"https:\/\/www.vereinsartikel.at\/wp\/textildruck\/#breadcrumb\",\"itemListElement\":[{\"@type\":\"ListItem\",\"position\":1,\"name\":\"Startseite\",\"item\":\"https:\/\/www.vereinsartikel.at\/wp\/\"},{\"@type\":\"ListItem\",\"position\":2,\"name\":\"Textildruck\"}]},{\"@type\":\"WebSite\",\"@id\":\"https:\/\/www.vereinsartikel.at\/wp\/#website\",\"url\":\"https:\/\/www.vereinsartikel.at\/wp\/\",\"name\":\"Vereinsartikel\",\"description\":\"Aufn\u00e4her, Textilstick, Textildruck u.v.m.\",\"potentialAction\":[{\"@type\":\"SearchAction\",\"target\":{\"@type\":\"EntryPoint\",\"urlTemplate\":\"https:\/\/www.vereinsartikel.at\/wp\/?s={search_term_string}\"},\"query-input\":\"required name=search_term_string\"}],\"inLanguage\":\"de\"}]}<\/script>\n<!-- \/ Yoast SEO plugin. -->","yoast_head_json":{"title":"Textildruck - Vereinsartikel","robots":{"index":"index","follow":"follow","max-snippet":"max-snippet:-1","max-image-preview":"max-image-preview:large","max-video-preview":"max-video-preview:-1"},"canonical":"https:\/\/www.vereinsartikel.at\/wp\/textildruck\/","og_locale":"de_DE","og_type":"article","og_title":"Textildruck - Vereinsartikel","og_description":"Welches Druckverfahren f\u00fcr was? Flex- und Flockdruck Flex- und Flockdruck sind moderne und sehr edle Druckarten. Sie zeichnen sich durch Ihre extreme Langlebigkeit und hohe Waschbest\u00e4ndigkeit aus. Vorbei ist die Zeit minderwertiger und in der Folge nach einigen Waschvorg\u00e4ngen meist br\u00fcchiger Folien wie sie jahrelang in diversen Copy-Shops, Geschenkel\u00e4den, etc. angeboten wurden. Flexfolien der neuen [&hellip;]","og_url":"https:\/\/www.vereinsartikel.at\/wp\/textildruck\/","og_site_name":"Vereinsartikel","article_modified_time":"2017-01-08T13:54:36+00:00","twitter_card":"summary_large_image","twitter_misc":{"Gesch\u00e4tzte Lesezeit":"3\u00a0Minuten"},"schema":{"@context":"https:\/\/schema.org","@graph":[{"@type":"WebPage","@id":"https:\/\/www.vereinsartikel.at\/wp\/textildruck\/","url":"https:\/\/www.vereinsartikel.at\/wp\/textildruck\/","name":"Textildruck - Vereinsartikel","isPartOf":{"@id":"https:\/\/www.vereinsartikel.at\/wp\/#website"},"datePublished":"2017-01-05T10:30:19+00:00","dateModified":"2017-01-08T13:54:36+00:00","breadcrumb":{"@id":"https:\/\/www.vereinsartikel.at\/wp\/textildruck\/#breadcrumb"},"inLanguage":"de","potentialAction":[{"@type":"ReadAction","target":["https:\/\/www.vereinsartikel.at\/wp\/textildruck\/"]}]},{"@type":"BreadcrumbList","@id":"https:\/\/www.vereinsartikel.at\/wp\/textildruck\/#breadcrumb","itemListElement":[{"@type":"ListItem","position":1,"name":"Startseite","item":"https:\/\/www.vereinsartikel.at\/wp\/"},{"@type":"ListItem","position":2,"name":"Textildruck"}]},{"@type":"WebSite","@id":"https:\/\/www.vereinsartikel.at\/wp\/#website","url":"https:\/\/www.vereinsartikel.at\/wp\/","name":"Vereinsartikel","description":"Aufn\u00e4her, Textilstick, Textildruck u.v.m.","potentialAction":[{"@type":"SearchAction","target":{"@type":"EntryPoint","urlTemplate":"https:\/\/www.vereinsartikel.at\/wp\/?s={search_term_string}"},"query-input":"required name=search_term_string"}],"inLanguage":"de"}]}},"_links":{"self":[{"href":"https:\/\/www.vereinsartikel.at\/wp\/wp-json\/wp\/v2\/pages\/11"}],"collection":[{"href":"https:\/\/www.vereinsartikel.at\/wp\/wp-json\/wp\/v2\/pages"}],"about":[{"href":"https:\/\/www.vereinsartikel.at\/wp\/wp-json\/wp\/v2\/types\/page"}],"author":[{"embeddable":true,"href":"https:\/\/www.vereinsartikel.at\/wp\/wp-json\/wp\/v2\/users\/1"}],"replies":[{"embeddable":true,"href":"https:\/\/www.vereinsartikel.at\/wp\/wp-json\/wp\/v2\/comments?post=11"}],"version-history":[{"count":2,"href":"https:\/\/www.vereinsartikel.at\/wp\/wp-json\/wp\/v2\/pages\/11\/revisions"}],"predecessor-version":[{"id":73,"href":"https:\/\/www.vereinsartikel.at\/wp\/wp-json\/wp\/v2\/pages\/11\/revisions\/73"}],"wp:attachment":[{"href":"https:\/\/www.vereinsartikel.at\/wp\/wp-json\/wp\/v2\/media?parent=11"}],"curies":[{"name":"wp","href":"https:\/\/api.w.org\/{rel}","templated":true}]}}