{"id":325,"date":"2018-05-25T07:21:14","date_gmt":"2018-05-25T05:21:14","guid":{"rendered":"https:\/\/www.vereinsartikel.at\/wp\/?page_id=325"},"modified":"2020-02-06T16:08:29","modified_gmt":"2020-02-06T15:08:29","slug":"datenschutz","status":"publish","type":"page","link":"https:\/\/www.vereinsartikel.at\/wp\/datenschutz\/","title":{"rendered":"Datenschutz"},"content":{"rendered":"<p>Wir nehmen das Thema Datenschutz sehr ernst!<\/p>\n<p>Unsere Website verwendet einfache Session-Cookies, um Ihnen Ihren Besuch hier so angenehm wie m\u00f6glich zu gestalten. Sobald Sie den Browser schlie\u00dfen bzw. nach einiger Zeit Inaktivit\u00e4t verlieren sie automatisch ihre G\u00fcltigkeit.<\/p>\n<p>Weitere Informationen zum Thema inklusive M\u00f6glichkeiten, Cookies auf Ihrem Browser selektiv oder generell zu unterbinden, finden Sie beispielsweise auf <a href=\"https:\/\/de.wikipedia.org\/wiki\/HTTP-Cookie\" target=\"_blank\" rel=\"noopener noreferrer\">Wikipedia<\/a> und <a href=\"http:\/\/www.allaboutcookies.org\/ge\/\" target=\"_blank\" rel=\"noopener noreferrer\">All about Cookies<\/a>.<\/p>\n<p>Abgesehen von den bei Hostern \u00fcblichen Server-Logdateien werden dar\u00fcber hinaus keinerlei Daten \u2013 insbesondere personenbezogene \u2013 erhoben und gespeichert.<\/p>\n<p>Social Media Funktionen sind mittels des datenschutzrechtlich unbedenklichen Shariff-Verfahrens realisiert.<\/p>\n<p>Wenn Sie per E-Mail oder Webformular Kontakt mit uns aufnehmen, werden Ihre angegebenen Daten zwecks Bearbeitung der Anfrage und f\u00fcr den Fall von Anschlussfragen nur begrenzte Zeit bei uns gespeichert. Diese Daten geben wir niemals ohne Ihre Einwilligung weiter. Bei Auftragserteilung erhalten Sie unsere diesbez\u00fcgliche Datenschutzerkl\u00e4rung.<\/p>\n<p><strong>Auskunftsrecht<br \/>\n<\/strong>Sie haben jederzeit das Recht auf Auskunft \u00fcber die bez\u00fcglich Ihrer Person gespeicherten Daten, deren Herkunft und Empf\u00e4nger sowie den Zweck der Speicherung.<\/p>\n<p>Weiters stehen Ihnen grunds\u00e4tzlich die Rechte auf Berichtigung, L\u00f6schung, Einschr\u00e4nkung, Daten\u00fcbertragbarkeit, Widerruf und Widerspruch zu. Wenn Sie glauben, dass die Verarbeitung Ihrer Daten gegen das Datenschutzrecht verst\u00f6\u00dft oder Ihre datenschutzrechtlichen Anspr\u00fcche sonst in einer Weise verletzt worden sind, k\u00f6nnen Sie sich bei der Aufsichtsbeh\u00f6rde beschweren. In \u00d6sterreich ist dies die Datenschutzbeh\u00f6rde.<\/p>\n<p>Ihre Anprechperson f\u00fcr alle datenschutztechnischen Fragen, auch im Sinne der DSGVO:<\/p>\n<p>Gerhard Laber<br \/>\n<span style=\"font-family: Verdana, Arial, Helvetica, sans-serif; font-size: small;\"><a href=\"tel:+436764242043\">+43 676 \/ 42 42 043<\/a><br \/>\n<\/span><span style=\"color: #660000; font-family: Verdana, Arial, Helvetica, sans-serif; font-size: small;\"><a href=\"mailto:verein@mp-service.at\">verein@mp-service.at<\/a><\/span><\/p>\n","protected":false},"excerpt":{"rendered":"<p>Wir nehmen das Thema Datenschutz sehr ernst! Unsere Website verwendet einfache Session-Cookies, um Ihnen Ihren Besuch hier so angenehm wie m\u00f6glich zu gestalten. Sobald Sie den Browser schlie\u00dfen bzw. nach einiger Zeit Inaktivit\u00e4t verlieren sie automatisch ihre G\u00fcltigkeit. Weitere Informationen zum Thema inklusive M\u00f6glichkeiten, Cookies auf Ihrem Browser selektiv oder generell zu unterbinden, finden Sie [&hellip;]<\/p>\n","protected":false},"author":1,"featured_media":0,"parent":0,"menu_order":0,"comment_status":"closed","ping_status":"closed","template":"","meta":{"footnotes":""},"acf":[],"yoast_head":"<!-- This site is optimized with the Yoast SEO plugin v19.14 - https:\/\/yoast.com\/wordpress\/plugins\/seo\/ -->\n<title>Datenschutz - Vereinsartikel<\/title>\n<meta name=\"robots\" content=\"index, follow, max-snippet:-1, max-image-preview:large, max-video-preview:-1\" \/>\n<link rel=\"canonical\" href=\"https:\/\/www.vereinsartikel.at\/wp\/datenschutz\/\" \/>\n<meta property=\"og:locale\" content=\"de_DE\" \/>\n<meta property=\"og:type\" content=\"article\" \/>\n<meta property=\"og:title\" content=\"Datenschutz - Vereinsartikel\" \/>\n<meta property=\"og:description\" content=\"Wir nehmen das Thema Datenschutz sehr ernst! Unsere Website verwendet einfache Session-Cookies, um Ihnen Ihren Besuch hier so angenehm wie m\u00f6glich zu gestalten. Sobald Sie den Browser schlie\u00dfen bzw. nach einiger Zeit Inaktivit\u00e4t verlieren sie automatisch ihre G\u00fcltigkeit. Weitere Informationen zum Thema inklusive M\u00f6glichkeiten, Cookies auf Ihrem Browser selektiv oder generell zu unterbinden, finden Sie [&hellip;]\" \/>\n<meta property=\"og:url\" content=\"https:\/\/www.vereinsartikel.at\/wp\/datenschutz\/\" \/>\n<meta property=\"og:site_name\" content=\"Vereinsartikel\" \/>\n<meta property=\"article:modified_time\" content=\"2020-02-06T15:08:29+00:00\" \/>\n<meta name=\"twitter:card\" content=\"summary_large_image\" \/>\n<meta name=\"twitter:label1\" content=\"Gesch\u00e4tzte Lesezeit\" \/>\n\t<meta name=\"twitter:data1\" content=\"1\u00a0Minute\" \/>\n<script type=\"application\/ld+json\" class=\"yoast-schema-graph\">{\"@context\":\"https:\/\/schema.org\",\"@graph\":[{\"@type\":\"WebPage\",\"@id\":\"https:\/\/www.vereinsartikel.at\/wp\/datenschutz\/\",\"url\":\"https:\/\/www.vereinsartikel.at\/wp\/datenschutz\/\",\"name\":\"Datenschutz - Vereinsartikel\",\"isPartOf\":{\"@id\":\"https:\/\/www.vereinsartikel.at\/wp\/#website\"},\"datePublished\":\"2018-05-25T05:21:14+00:00\",\"dateModified\":\"2020-02-06T15:08:29+00:00\",\"breadcrumb\":{\"@id\":\"https:\/\/www.vereinsartikel.at\/wp\/datenschutz\/#breadcrumb\"},\"inLanguage\":\"de\",\"potentialAction\":[{\"@type\":\"ReadAction\",\"target\":[\"https:\/\/www.vereinsartikel.at\/wp\/datenschutz\/\"]}]},{\"@type\":\"BreadcrumbList\",\"@id\":\"https:\/\/www.vereinsartikel.at\/wp\/datenschutz\/#breadcrumb\",\"itemListElement\":[{\"@type\":\"ListItem\",\"position\":1,\"name\":\"Startseite\",\"item\":\"https:\/\/www.vereinsartikel.at\/wp\/\"},{\"@type\":\"ListItem\",\"position\":2,\"name\":\"Datenschutz\"}]},{\"@type\":\"WebSite\",\"@id\":\"https:\/\/www.vereinsartikel.at\/wp\/#website\",\"url\":\"https:\/\/www.vereinsartikel.at\/wp\/\",\"name\":\"Vereinsartikel\",\"description\":\"Aufn\u00e4her, Textilstick, Textildruck u.v.m.\",\"potentialAction\":[{\"@type\":\"SearchAction\",\"target\":{\"@type\":\"EntryPoint\",\"urlTemplate\":\"https:\/\/www.vereinsartikel.at\/wp\/?s={search_term_string}\"},\"query-input\":\"required name=search_term_string\"}],\"inLanguage\":\"de\"}]}<\/script>\n<!-- \/ Yoast SEO plugin. -->","yoast_head_json":{"title":"Datenschutz - Vereinsartikel","robots":{"index":"index","follow":"follow","max-snippet":"max-snippet:-1","max-image-preview":"max-image-preview:large","max-video-preview":"max-video-preview:-1"},"canonical":"https:\/\/www.vereinsartikel.at\/wp\/datenschutz\/","og_locale":"de_DE","og_type":"article","og_title":"Datenschutz - Vereinsartikel","og_description":"Wir nehmen das Thema Datenschutz sehr ernst! Unsere Website verwendet einfache Session-Cookies, um Ihnen Ihren Besuch hier so angenehm wie m\u00f6glich zu gestalten. Sobald Sie den Browser schlie\u00dfen bzw. nach einiger Zeit Inaktivit\u00e4t verlieren sie automatisch ihre G\u00fcltigkeit. Weitere Informationen zum Thema inklusive M\u00f6glichkeiten, Cookies auf Ihrem Browser selektiv oder generell zu unterbinden, finden Sie [&hellip;]","og_url":"https:\/\/www.vereinsartikel.at\/wp\/datenschutz\/","og_site_name":"Vereinsartikel","article_modified_time":"2020-02-06T15:08:29+00:00","twitter_card":"summary_large_image","twitter_misc":{"Gesch\u00e4tzte Lesezeit":"1\u00a0Minute"},"schema":{"@context":"https:\/\/schema.org","@graph":[{"@type":"WebPage","@id":"https:\/\/www.vereinsartikel.at\/wp\/datenschutz\/","url":"https:\/\/www.vereinsartikel.at\/wp\/datenschutz\/","name":"Datenschutz - Vereinsartikel","isPartOf":{"@id":"https:\/\/www.vereinsartikel.at\/wp\/#website"},"datePublished":"2018-05-25T05:21:14+00:00","dateModified":"2020-02-06T15:08:29+00:00","breadcrumb":{"@id":"https:\/\/www.vereinsartikel.at\/wp\/datenschutz\/#breadcrumb"},"inLanguage":"de","potentialAction":[{"@type":"ReadAction","target":["https:\/\/www.vereinsartikel.at\/wp\/datenschutz\/"]}]},{"@type":"BreadcrumbList","@id":"https:\/\/www.vereinsartikel.at\/wp\/datenschutz\/#breadcrumb","itemListElement":[{"@type":"ListItem","position":1,"name":"Startseite","item":"https:\/\/www.vereinsartikel.at\/wp\/"},{"@type":"ListItem","position":2,"name":"Datenschutz"}]},{"@type":"WebSite","@id":"https:\/\/www.vereinsartikel.at\/wp\/#website","url":"https:\/\/www.vereinsartikel.at\/wp\/","name":"Vereinsartikel","description":"Aufn\u00e4her, Textilstick, Textildruck u.v.m.","potentialAction":[{"@type":"SearchAction","target":{"@type":"EntryPoint","urlTemplate":"https:\/\/www.vereinsartikel.at\/wp\/?s={search_term_string}"},"query-input":"required name=search_term_string"}],"inLanguage":"de"}]}},"_links":{"self":[{"href":"https:\/\/www.vereinsartikel.at\/wp\/wp-json\/wp\/v2\/pages\/325"}],"collection":[{"href":"https:\/\/www.vereinsartikel.at\/wp\/wp-json\/wp\/v2\/pages"}],"about":[{"href":"https:\/\/www.vereinsartikel.at\/wp\/wp-json\/wp\/v2\/types\/page"}],"author":[{"embeddable":true,"href":"https:\/\/www.vereinsartikel.at\/wp\/wp-json\/wp\/v2\/users\/1"}],"replies":[{"embeddable":true,"href":"https:\/\/www.vereinsartikel.at\/wp\/wp-json\/wp\/v2\/comments?post=325"}],"version-history":[{"count":2,"href":"https:\/\/www.vereinsartikel.at\/wp\/wp-json\/wp\/v2\/pages\/325\/revisions"}],"predecessor-version":[{"id":343,"href":"https:\/\/www.vereinsartikel.at\/wp\/wp-json\/wp\/v2\/pages\/325\/revisions\/343"}],"wp:attachment":[{"href":"https:\/\/www.vereinsartikel.at\/wp\/wp-json\/wp\/v2\/media?parent=325"}],"curies":[{"name":"wp","href":"https:\/\/api.w.org\/{rel}","templated":true}]}}